{"id":41,"date":"2015-08-05T21:12:18","date_gmt":"2015-08-05T19:12:18","guid":{"rendered":"http:\/\/www.castelldeflorejacs.com\/?page_id=41"},"modified":"2022-12-04T23:04:33","modified_gmt":"2022-12-04T21:04:33","slug":"vine-i-descubreix-lo","status":"publish","type":"page","link":"https:\/\/www.castelldeflorejacs.com\/index.php\/vine-i-descubreix-lo\/","title":{"rendered":"Vine i descobreix-lo!"},"content":{"rendered":"<table style=\"height: 600px; border-color: #ffffff; background-color: #ffffff;\" width=\"1170\">\n<tbody>\n<tr>\n<td style=\"width: 365px; border-color: #ffffff;\"><img decoding=\"async\" loading=\"lazy\" class=\"alignnone wp-image-42\" src=\"https:\/\/www.castelldeflorejacs.com\/wp-content\/uploads\/2015\/08\/Vine-i-descubreix-lo.jpg\" alt=\"Vine i descubreix-lo\" width=\"360\" height=\"270\" srcset=\"https:\/\/www.castelldeflorejacs.com\/wp-content\/uploads\/2015\/08\/Vine-i-descubreix-lo.jpg 800w, https:\/\/www.castelldeflorejacs.com\/wp-content\/uploads\/2015\/08\/Vine-i-descubreix-lo-300x225.jpg 300w\" sizes=\"(max-width: 360px) 100vw, 360px\" \/><\/td>\n<td style=\"width: 805px; border-color: #ffffff; height: 500px;\">&#8220;Tota la vida he aprofitat les meves vacances a Florejacs per recuperar forces, reordenar la meva ment i continuar el meu cam\u00ed amb energia renovada. El Castell de Florejacs i el seu entorn meravell\u00f3s inviten al recolliment i a la reflexi\u00f3, aix\u00ed com a gaudir d&#8217;experi\u00e8ncies \u00faniques i sense interfer\u00e8ncies. Vine i descobreix-lo!&#8221;<\/p>\n<table style=\"height: 176px; border-color: #ffffff;\" width=\"472\">\n<tbody>\n<tr>\n<td style=\"width: 400px; border-color: #ffffff;\">VISITES<\/p>\n<p>info@castellsdelleida.com<\/p>\n<p>+34 973 402\u00a0045<\/td>\n<td style=\"width: 400px; border-color: #ffffff;\">ESPAIS<\/p>\n<p>info@castelldeflorejacs.com<\/td>\n<\/tr>\n<\/tbody>\n<\/table>\n<\/td>\n<\/tr>\n<\/tbody>\n<\/table>\n","protected":false},"excerpt":{"rendered":"<p>&#8220;Tota la vida he aprofitat les meves vacances a Florejacs per recuperar forces, reordenar la meva ment i continuar el meu cam\u00ed amb energia renovada. El Castell de Florejacs i el seu entorn meravell\u00f3s inviten al recolliment i a la reflexi\u00f3, aix\u00ed com a gaudir d&#8217;experi\u00e8ncies \u00faniques i sense interfer\u00e8ncies. Vine i descobreix-lo!&#8221; VISITES info@castellsdelleida.com<\/p>\n","protected":false},"author":1,"featured_media":0,"parent":0,"menu_order":0,"comment_status":"closed","ping_status":"closed","template":"fullwidth.php","meta":[],"_links":{"self":[{"href":"https:\/\/www.castelldeflorejacs.com\/index.php\/wp-json\/wp\/v2\/pages\/41"}],"collection":[{"href":"https:\/\/www.castelldeflorejacs.com\/index.php\/wp-json\/wp\/v2\/pages"}],"about":[{"href":"https:\/\/www.castelldeflorejacs.com\/index.php\/wp-json\/wp\/v2\/types\/page"}],"author":[{"embeddable":true,"href":"https:\/\/www.castelldeflorejacs.com\/index.php\/wp-json\/wp\/v2\/users\/1"}],"replies":[{"embeddable":true,"href":"https:\/\/www.castelldeflorejacs.com\/index.php\/wp-json\/wp\/v2\/comments?post=41"}],"version-history":[{"count":51,"href":"https:\/\/www.castelldeflorejacs.com\/index.php\/wp-json\/wp\/v2\/pages\/41\/revisions"}],"predecessor-version":[{"id":455,"href":"https:\/\/www.castelldeflorejacs.com\/index.php\/wp-json\/wp\/v2\/pages\/41\/revisions\/455"}],"wp:attachment":[{"href":"https:\/\/www.castelldeflorejacs.com\/index.php\/wp-json\/wp\/v2\/media?parent=41"}],"curies":[{"name":"wp","href":"https:\/\/api.w.org\/{rel}","templated":true}]}}