{"id":96,"date":"2015-08-06T08:29:32","date_gmt":"2015-08-06T06:29:32","guid":{"rendered":"http:\/\/www.castelldeflorejacs.com\/?page_id=96"},"modified":"2015-08-06T15:07:41","modified_gmt":"2015-08-06T13:07:41","slug":"entorn","status":"publish","type":"page","link":"https:\/\/www.castelldeflorejacs.com\/index.php\/qui-som\/entorn\/","title":{"rendered":"Entorn"},"content":{"rendered":"<div id=\"pl-96\"  class=\"panel-layout\" ><div id=\"pg-96-0\"  class=\"panel-grid panel-no-style\" ><div id=\"pgc-96-0-0\"  class=\"panel-grid-cell\" ><div id=\"panel-96-0-0-0\" class=\"so-panel widget widget_black-studio-tinymce widget_black_studio_tinymce panel-first-child panel-last-child\" data-index=\"0\" ><div class=\"panel-widget-style panel-widget-style-for-96-0-0-0\" ><div class=\"textwidget\"><table style=\"height: 32px; border-color: #ffffff;\" width=\"421\">\n<tbody>\n<tr>\n<td style=\"width: 420px; height: auto; border-color: #ffffff;\">\n<p><img class=\"alignnone wp-image-178\" src=\"https:\/\/www.castelldeflorejacs.com\/wp-content\/uploads\/2015\/08\/Blat.jpg\" alt=\"Blat\" width=\"401\" height=\"266\" \/><\/p>\n<\/td>\n<td style=\"width: 700px; height: auto; border-color: #ffffff; text-align: left;\">\n<p>El Castell de Florejacs \u00e9s un monument hist\u00f2ric art\u00edstic privat, tractat com a casa museu, adossada\u00a0a la muralla i en perfecte estat de conservaci\u00f3.<\/p>\n<p>El seu aspecte general \u00e9s r\u00fastic, absolutament integrat al poble hist\u00f2ric, amable i tranquil, enmig d'un paisatge rural poc alterat pel pas dels segles.<\/p>\n<p>La Segarra, terra de castells, \u00e9s una comarca de contrasts que amaga una gran riquesa espiritual darrere d'un paisatge sobri, turons ondulats i cel blau.<\/p>\n<p><strong>Vine i descobreix-ne tots els encants!<\/strong><\/p>\n<\/td>\n<\/tr>\n<\/tbody>\n<\/table>\n<p>\u00a0<\/p>\n<p>\u00a0<\/p>\n<\/div><\/div><\/div><\/div><\/div><\/div>","protected":false},"excerpt":{"rendered":"<p>El Castell de Florejacs \u00e9s un monument hist\u00f2ric art\u00edstic privat, tractat com a casa museu, adossada\u00a0a la muralla i en perfecte estat de conservaci\u00f3.El seu aspecte general \u00e9s r\u00fastic, absolutament integrat al poble hist\u00f2ric, amable i tranquil, enmig d&#8217;un paisatge rural poc alterat pel pas dels segles.La Segarra, terra de castells, \u00e9s una comarca de<\/p>\n","protected":false},"author":1,"featured_media":0,"parent":91,"menu_order":2,"comment_status":"closed","ping_status":"closed","template":"fullwidth.php","meta":[],"_links":{"self":[{"href":"https:\/\/www.castelldeflorejacs.com\/index.php\/wp-json\/wp\/v2\/pages\/96"}],"collection":[{"href":"https:\/\/www.castelldeflorejacs.com\/index.php\/wp-json\/wp\/v2\/pages"}],"about":[{"href":"https:\/\/www.castelldeflorejacs.com\/index.php\/wp-json\/wp\/v2\/types\/page"}],"author":[{"embeddable":true,"href":"https:\/\/www.castelldeflorejacs.com\/index.php\/wp-json\/wp\/v2\/users\/1"}],"replies":[{"embeddable":true,"href":"https:\/\/www.castelldeflorejacs.com\/index.php\/wp-json\/wp\/v2\/comments?post=96"}],"version-history":[{"count":12,"href":"https:\/\/www.castelldeflorejacs.com\/index.php\/wp-json\/wp\/v2\/pages\/96\/revisions"}],"predecessor-version":[{"id":187,"href":"https:\/\/www.castelldeflorejacs.com\/index.php\/wp-json\/wp\/v2\/pages\/96\/revisions\/187"}],"up":[{"embeddable":true,"href":"https:\/\/www.castelldeflorejacs.com\/index.php\/wp-json\/wp\/v2\/pages\/91"}],"wp:attachment":[{"href":"https:\/\/www.castelldeflorejacs.com\/index.php\/wp-json\/wp\/v2\/media?parent=96"}],"curies":[{"name":"wp","href":"https:\/\/api.w.org\/{rel}","templated":true}]}}